{"id":236263,"date":"2024-12-09T15:00:02","date_gmt":"2024-12-09T15:00:02","guid":{"rendered":"https:\/\/matjerio.com\/vegetable-cutter-multifunctional-slicer-fruit-potato-peeler-carrot-grater-kitchen-accessories-basket-vegetable-slicer\/"},"modified":"2025-10-27T07:14:14","modified_gmt":"2025-10-27T03:14:14","slug":"vegetable-cutter-multifunctional-slicer-fruit-potato-peeler-carrot-grater-kitchen-accessories-basket-vegetable-slicer","status":"publish","type":"product","link":"https:\/\/matjerio.com\/ar\/shop\/vegetable-cutter-multifunctional-slicer-fruit-potato-peeler-carrot-grater-kitchen-accessories-basket-vegetable-slicer\/","title":{"rendered":"Vegetable Cutter Multifunctional Slicer Fruit Potato Peeler Carrot Grater Kitchen accessories basket vegetable slicer"},"content":{"rendered":"\n<div class=\"product-specs-list-container\">\n<ul class=\"product-specs-list util-clearfix\">\n<li class=\"product-prop line-limit-length\"><span\n                                        class=\"property-title\">Brand Name:&nbsp;<\/span><span\n                                        class=\"property-desc line-limit-length\">NoEnName_Null<\/span>\n                            <\/li>\n<li class=\"product-prop line-limit-length\"><span\n                                        class=\"property-title\">Blade Material:&nbsp;<\/span><span\n                                        class=\"property-desc line-limit-length\">ABS<\/span>\n                            <\/li>\n<li class=\"product-prop line-limit-length\"><span\n                                        class=\"property-title\">Fruit &#038; Vegetable Tools Type:&nbsp;<\/span><span\n                                        class=\"property-desc line-limit-length\">Shredders &#038; Slicers<\/span>\n                            <\/li>\n<li class=\"product-prop line-limit-length\"><span\n                                        class=\"property-title\">Hign-concerned Chemical:&nbsp;<\/span><span\n                                        class=\"property-desc line-limit-length\">None<\/span>\n                            <\/li>\n<li class=\"product-prop line-limit-length\"><span\n                                        class=\"property-title\">Origin:&nbsp;<\/span><span\n                                        class=\"property-desc line-limit-length\">Mainland China<\/span>\n                            <\/li>\n<li class=\"product-prop line-limit-length\"><span\n                                        class=\"property-title\">Feature:&nbsp;<\/span><span\n                                        class=\"property-desc line-limit-length\">Eco-Friendly, Stocked<\/span>\n                            <\/li>\n<li class=\"product-prop line-limit-length\"><span\n                                        class=\"property-title\">Type:&nbsp;<\/span><span\n                                        class=\"property-desc line-limit-length\">Fruit &#038; Vegetable Tools<\/span>\n                            <\/li>\n<li class=\"product-prop line-limit-length\"><span\n                                        class=\"property-title\">Material:&nbsp;<\/span><span\n                                        class=\"property-desc line-limit-length\">Plastic<\/span>\n                            <\/li>\n<li class=\"product-prop line-limit-length\"><span\n                                        class=\"property-title\">function:&nbsp;<\/span><span\n                                        class=\"property-desc line-limit-length\">chopper, slicer, cutter, grinder,<\/span>\n                            <\/li>\n<li class=\"product-prop line-limit-length\"><span\n                                        class=\"property-title\">fit for 1:&nbsp;<\/span><span\n                                        class=\"property-desc line-limit-length\">vegetable, fruit, ginger, garlic,<\/span>\n                            <\/li>\n<\/ul><\/div>\n<div class=\"detailmodule_text\">\n<p style=\"font-size:20px;font-weight:normal;text-align:center;width:100%\" align=\"center\">Estimados clientes espa\u00f1oles y portugueses, con el fin de ahorrar su valioso tiempo, el almac\u00e9n espa\u00f1ol no puede llegar al c\u00f3digo postal que comienza con 51 52 35 38 y Portugal 9. Por favor, elija el almac\u00e9n chino para el env\u00edo. Si tiene alguna pregunta, p\u00f3ngase en contacto con nuestro servicio al cliente<\/p>\n<\/div>\n<div class=\"detailmodule_image\"><img decoding=\"async\" class=\"detail-desc-decorate-image\" src=\"https:\/\/matjerio.com\/wp-content\/uploads\/2024\/12\/kf-S274c4405d7a0418e8e6e1f0e369f551d1.webp\" \/><img decoding=\"async\" class=\"detail-desc-decorate-image\" src=\"https:\/\/matjerio.com\/wp-content\/uploads\/2024\/12\/kf-Sfbd6e3fe1d3e4283abc9eba3378f7edee.webp\" \/><img decoding=\"async\" class=\"detail-desc-decorate-image\" src=\"https:\/\/matjerio.com\/wp-content\/uploads\/2024\/12\/kf-S1cf0974729094be28db1ddc658593605H.webp\" \/><img decoding=\"async\" class=\"detail-desc-decorate-image\" src=\"https:\/\/matjerio.com\/wp-content\/uploads\/2024\/12\/kf-Sf287edc8cf8848fe99cb1b6c2db0fb591.webp\" \/><img decoding=\"async\" class=\"detail-desc-decorate-image\" src=\"https:\/\/matjerio.com\/wp-content\/uploads\/2024\/12\/kf-S34683d4f07c2481086c563a57f36e584t.webp\" \/><img decoding=\"async\" class=\"detail-desc-decorate-image\" src=\"https:\/\/matjerio.com\/wp-content\/uploads\/2024\/12\/kf-Sab12a3b7582e4d1c8ce60a6096e235bdO.webp\" \/><\/div>\n<div class=\"detailmodule_image\"><img decoding=\"async\" class=\"detail-desc-decorate-image\" src=\"https:\/\/matjerio.com\/wp-content\/uploads\/2024\/12\/kf-Hb58772dff85e44ab9156e8017a393985J.webp\" \/><img decoding=\"async\" class=\"detail-desc-decorate-image\" src=\"https:\/\/matjerio.com\/wp-content\/uploads\/2024\/12\/kf-H0eb34d0d97be45efbc56ce8a19bfc39de.webp\" \/><img decoding=\"async\" class=\"detail-desc-decorate-image\" src=\"https:\/\/matjerio.com\/wp-content\/uploads\/2024\/12\/kf-H374541cb078f48cf955bc22d768bac94r.webp\" \/><\/div>\n<p><\/p>\n","protected":false},"excerpt":{"rendered":"<p>Brand Name:&nbsp;NoEnName_Null Blade Material:&nbsp;ABS Fruit &#038; Vegetable Tools Type:&nbsp;Shredders &#038; Slicers Hign-concerned Chemical:&nbsp;None Origin:&nbsp;Mainland China Feature:&nbsp;Eco-Friendly, Stocked Type:&nbsp;Fruit &#038; Vegetable Tools Material:&nbsp;Plastic function:&nbsp;chopper, slicer, cutter, grinder, fit for 1:&nbsp;vegetable, fruit, ginger, garlic, Estimados clientes espa\u00f1oles y portugueses, con el fin de ahorrar su valioso tiempo, el almac\u00e9n espa\u00f1ol no puede llegar al c\u00f3digo postal que [&#8230;]\n","protected":false},"featured_media":236264,"comment_status":"open","ping_status":"closed","template":"","meta":{"_acf_changed":false},"product_brand":[],"product_cat":[1476],"product_tag":[],"class_list":{"0":"post-236263","1":"product","2":"type-product","3":"status-publish","4":"has-post-thumbnail","6":"product_cat-accessories","7":"pa_color-qcq-grey","9":"first","10":"instock","11":"shipping-taxable","12":"purchasable","13":"product-type-variable","14":"wvs-archive-product-wrapper"},"acf":[],"_links":{"self":[{"href":"https:\/\/matjerio.com\/ar\/wp-json\/wp\/v2\/product\/236263","targetHints":{"allow":["GET"]}}],"collection":[{"href":"https:\/\/matjerio.com\/ar\/wp-json\/wp\/v2\/product"}],"about":[{"href":"https:\/\/matjerio.com\/ar\/wp-json\/wp\/v2\/types\/product"}],"replies":[{"embeddable":true,"href":"https:\/\/matjerio.com\/ar\/wp-json\/wp\/v2\/comments?post=236263"}],"version-history":[{"count":9,"href":"https:\/\/matjerio.com\/ar\/wp-json\/wp\/v2\/product\/236263\/revisions"}],"predecessor-version":[{"id":236309,"href":"https:\/\/matjerio.com\/ar\/wp-json\/wp\/v2\/product\/236263\/revisions\/236309"}],"wp:featuredmedia":[{"embeddable":true,"href":"https:\/\/matjerio.com\/ar\/wp-json\/wp\/v2\/media\/236264"}],"wp:attachment":[{"href":"https:\/\/matjerio.com\/ar\/wp-json\/wp\/v2\/media?parent=236263"}],"wp:term":[{"taxonomy":"product_brand","embeddable":true,"href":"https:\/\/matjerio.com\/ar\/wp-json\/wp\/v2\/product_brand?post=236263"},{"taxonomy":"product_cat","embeddable":true,"href":"https:\/\/matjerio.com\/ar\/wp-json\/wp\/v2\/product_cat?post=236263"},{"taxonomy":"product_tag","embeddable":true,"href":"https:\/\/matjerio.com\/ar\/wp-json\/wp\/v2\/product_tag?post=236263"}],"curies":[{"name":"wp","href":"https:\/\/api.w.org\/{rel}","templated":true}]}}