{"id":243961,"date":"2025-10-27T05:28:32","date_gmt":"2025-10-27T01:28:32","guid":{"rendered":"https:\/\/matjerio.com\/shop\/stained-glass-pattern-tablecloth-restaurant-kitchen-tablecloth-living-room-home-decoration-rectangular-party-decoration\/"},"modified":"2025-10-27T07:37:09","modified_gmt":"2025-10-27T03:37:09","slug":"stained-glass-pattern-tablecloth-restaurant-kitchen-tablecloth-living-room-home-decoration-rectangular-party-decoration","status":"publish","type":"product","link":"https:\/\/matjerio.com\/ar\/shop\/stained-glass-pattern-tablecloth-restaurant-kitchen-tablecloth-living-room-home-decoration-rectangular-party-decoration\/","title":{"rendered":"Stained Glass Pattern Tablecloth Restaurant Kitchen Tablecloth Living Room Home Decoration Rectangular Party Decoration"},"content":{"rendered":"<div class=\"detailmodule_html\">\n<div class=\"detail-desc-decorate-richtext\">&nbsp;<\/p>\n<div style=\"line-height:inherit;margin:0pt;margin-bottom:0pt;margin-top:0pt;margin-left:0pt;margin-right:0pt;padding:0pt;padding-bottom:0pt;padding-top:0pt;padding-left:0em;padding-right:0pt\">\n<div style=\"line-height:inherit;margin:0pt;margin-bottom:0pt;margin-top:0pt;margin-left:0pt;margin-right:0pt;padding:0pt;padding-bottom:0pt;padding-top:0pt;padding-left:0em;padding-right:0pt\">\n<div align=\"start\" style=\", Roboto, Arial, Helvetica, sans-serif, SimSun;font-size:14px;font-weight:400;letter-spacing:normal;text-align:start;margin:0px;margin-bottom:0px;margin-top:0px;margin-left:0px;margin-right:0px;padding:0px;padding-bottom:0px;padding-top:0px;padding-left:0px;padding-right:0px\">\n<div style=\"margin:0px;margin-bottom:0px;margin-top:0px;margin-left:0px;margin-right:0px;padding:0px;padding-bottom:0px;padding-top:0px;padding-left:0px;padding-right:0px\">\n<div align=\"center\" style=\"text-align:center;margin:0pt;margin-bottom:0pt;margin-top:0pt;margin-left:0pt;margin-right:0pt;padding:0pt;padding-bottom:0pt;padding-top:0pt;padding-left:0em;padding-right:0pt\">\n<div align=\"center\" style=\"margin:0pt;margin-bottom:0pt;margin-top:0pt;margin-left:0pt;margin-right:0pt;padding:0pt;padding-bottom:0pt;padding-top:0pt;padding-left:0em;padding-right:0pt;text-align:center\">\n<div style=\"line-height:inherit;margin:0pt;margin-bottom:0pt;margin-top:0pt;margin-left:0pt;margin-right:0pt;padding:0pt;padding-bottom:0pt;padding-top:0pt;padding-left:0em;padding-right:0pt\"><span style=\"font-size:27pt\">Benvenuto al mio deposito!<\/span><\/div>\n<p>&nbsp;<\/p>\n<h2 style=\"font-size:20px;font-weight:500;line-height:2em;margin:0pt 0pt 0px;margin-bottom:0px;margin-top:0pt;margin-left:0pt;margin-right:0pt;padding:0pt;padding-bottom:0pt;padding-top:0pt;padding-left:0em;padding-right:0pt\"><span style=\"font-size:16.5pt\">Per uso domesticoCommercio all&#8217;ingrosso e di vendita Globale<\/span><\/h2>\n<h2 style=\"font-size:20px;font-weight:500;line-height:2em;margin:0pt 0pt 0px;margin-bottom:0px;margin-top:0pt;margin-left:0pt;margin-right:0pt;padding:0pt;padding-bottom:0pt;padding-top:0pt;padding-left:0em;padding-right:0pt\">&nbsp;<\/h2>\n<h2 style=\"font-size:20px;font-weight:500;line-height:2em;margin:0pt 0pt 0px;margin-bottom:0px;margin-top:0pt;margin-left:0pt;margin-right:0pt;padding:0pt;padding-bottom:0pt;padding-top:0pt;padding-left:0em;padding-right:0pt\"><span><span style=\"font-size:16.5pt\">Prezzo di fabbrica<\/span><\/span><span><span style=\"font-size:16.5pt\"><span style=\"font-size:24px\">&amp;<\/span><\/span><\/span><span><span style=\"font-size:16.5pt\">Trasporto libero<\/span><\/span><\/h2>\n<h2 style=\"font-size:20px;font-weight:500;line-height:2em;margin:0pt 0pt 0px;margin-bottom:0px;margin-top:0pt;margin-left:0pt;margin-right:0pt;padding:0pt;padding-bottom:0pt;padding-top:0pt;padding-left:0em;padding-right:0pt\">&nbsp;<\/h2>\n<h2 style=\"font-size:20px;font-weight:500;line-height:2em;margin:0pt 0pt 0px;margin-bottom:0px;margin-top:0pt;margin-left:0pt;margin-right:0pt;padding:0pt;padding-bottom:0pt;padding-top:0pt;padding-left:0em;padding-right:0pt\"><span style=\"font-size:16.5pt\">Ogni settimana nuovo arrivo di upload<\/span><\/h2>\n<h2 style=\"font-size:20px;font-weight:500;line-height:2em;margin:0pt 0pt 0px;margin-bottom:0px;margin-top:0pt;margin-left:0pt;margin-right:0pt;padding:0pt;padding-bottom:0pt;padding-top:0pt;padding-left:0em;padding-right:0pt\">&nbsp;<\/h2>\n<p style=\"font-size:14px;font-weight:400;line-height:2em;margin:0pt 0pt 0px;margin-bottom:0px;margin-top:0pt;margin-left:0pt;margin-right:0pt;padding:0pt;padding-bottom:0pt;padding-top:0pt;padding-left:0em;padding-right:0pt\"><span style=\"font-size:16.5pt\">Godere di tempo per lo shopping.<\/span><\/p>\n<\/div>\n<\/div>\n<\/div>\n<\/div>\n<h1 align=\"start\" style=\", Roboto, Arial, Helvetica, sans-serif, SimSun;font-size:24px;font-weight:500;letter-spacing:normal;line-height:36px;text-align:start;margin:0px;margin-bottom:0px;margin-top:0px;margin-left:0px;margin-right:0px;width:944px\"><strong><span style=\"font-family:Tahoma, Geneva, sans-serif\"><span style=\"font-size:16px\">feature:<\/span><\/span><\/strong><span style=\"font-size:16px\"><strong><br \/>\n100% brand new and high quality<br \/>\nThis product is available in many sizes, please select the size you need<br \/>\nCan be used as wall tapestry, beach towel, yoga mat, blanket, tablecloth, home decor<br \/>\ngrand monarch of family friends<br \/>\ndescribe:<br \/>\nThe pattern is printed on one side<br \/>\nMaterial: Waterproof polyester fiber<\/p>\n<p>Dear customer, please note that the tablecloth is made of polyester. Hand wash in cold water is better. There may be a faint smell upon receipt. Please dry in the sun 2-3 days before use. We just want customers to know the authenticity of the product. We always believe that integrity should be the first criterion for our clients.<\/p>\n<p>Washing method: Pure cotton printing and dyeing products will fade when washed. First soak in cold water to fix the color. Do not use cleaners.<\/p>\n<p>Machine wash is not recommended, hand wash in cold water at 30\u00b0C, neutral detergent, do not bleach, machine wash, please put in laundry bag, choose gentle mode, time should not be too long, do not use chlorine bleach to dry.<\/p>\n<p>The ironing surface is moderately warm, do not dry clean<\/p>\n<p>Notice:<br \/>\n1: Please allow product size error 2-5cm, color error 5%!<br \/>\n2: Due to the color difference of the computer screen, especially the color difference of the CRT screen and the LCD screen, we do not guarantee that the color of our products is exactly the same as the picture you see, I hope you can understand!<br \/>\nFormat:<br \/>\n40x70cm (15.7 * 27.5 inches)<br \/>\n70x70cm (27.5 * 27.5 inches)<br \/>\n85x85cm (33.4*33.4 inches)<br \/>\n90x140cm (35.4*55.1 inches)<br \/>\n100x160cm (39.3*62.9 inches)<br \/>\n140x140cm (55.1*55.1 inches)<br \/>\n140x180cm (55.1 * 70.8 inches)<br \/>\n140x240cm (55.1*94.4 inches)<\/strong><\/span><\/h1>\n<\/div>\n<\/div>\n<p align=\"left\" style=\"text-align:left;margin:0px;margin-bottom:0px;margin-top:0px;margin-left:0px;margin-right:0px\"><img decoding=\"async\" data-id=\"ckeditor_img30\" src=\"https:\/\/ae01.alicdn.com\/kf\/S44768f56ce3043c8b2146f3501bdf39e1.jpg?width=1000&amp;height=1200&amp;hash=2200\"><\/p>\n<p>\n<img decoding=\"async\" data-id=\"ckeditor_img31\" src=\"https:\/\/ae01.alicdn.com\/kf\/S02f32883c43a4ea1a88d43fd50683a88Y.jpg?width=700&amp;height=700&amp;hash=1400\"><img decoding=\"async\" data-id=\"ckeditor_img32\" src=\"https:\/\/ae01.alicdn.com\/kf\/S5d9e1e98e0484c01a5e24ee6f54384363.jpg?width=700&amp;height=700&amp;hash=1400\"><img decoding=\"async\" data-id=\"ckeditor_img33\" src=\"https:\/\/ae01.alicdn.com\/kf\/Se94988b8811e4ddeb16c4797eb61cfd3X.jpg?width=700&amp;height=700&amp;hash=1400\"><img decoding=\"async\" data-id=\"ckeditor_img34\" src=\"https:\/\/ae01.alicdn.com\/kf\/S38537f2ab23e4222b8cfa6c7ce58d56ae.jpg?width=700&amp;height=700&amp;hash=1400\"><img decoding=\"async\" data-id=\"ckeditor_img35\" src=\"https:\/\/ae01.alicdn.com\/kf\/S594ad7a1077848a591ce25a32b25f5aeo.jpg?width=700&amp;height=700&amp;hash=1400\"><img decoding=\"async\" data-id=\"ckeditor_img36\" src=\"https:\/\/ae01.alicdn.com\/kf\/Scd1f05fadb4b480e8cfd570b094a28f7s.jpg?width=700&amp;height=700&amp;hash=1400\"><br \/>\n<img decoding=\"async\" data-id=\"ckeditor_img37\" src=\"https:\/\/ae01.alicdn.com\/kf\/S7f1b9076f8b44eb88f7c5310c02a66ebw.jpg?width=750&amp;height=683&amp;hash=1433\"><\/p>\n<p><span style=\"font-size:16px\"><strong><span style=\"font-family:Georgia, serif\">Traffico dettagli:<\/p>\n<p>1. Le merci saranno spediti entro 1-7 giorni lavorativi dopo il pagamento.<\/p>\n<p>2. Forniamo la Posta Aerea Della Cina, ePacket, DHL, FEDEX, SME e altri metodi di trasporto, E le spese di spedizione \u00e8 calcolato in base al peso del pacchetto. L&#8217;e-mail termine di consegna \u00e8 di 7-30 giorni. Posta di aria Dell&#8217;alberino Della cina non \u00e8 pi\u00f9 libero.<\/p>\n<p>3. DHL, FEDEX, servizio espresso di SME richiede solitamente 3-15 giorni lavorativi per arrivare a te.<\/p>\n<p>Pagare:<\/p>\n<p>1. Se si sceglie di Posta di Aria Dell&#8217;alberino Della Cina, la maggior parte di noi lo trasmetteremo voi da e-Mail!<\/p>\n<p>2. Si prega di effettuare il pagamento entro cinque giorni dopo avere ordinato, o in contatto con noi per ulteriori dettagli.<\/p>\n<p>Politica di servizio:<\/p>\n<p>1. Tutti i email deve essere risposto entro 1 giorno lavorativo. Se non ricevete una risposta, si prega di controllare la cartella spam o ci risentiremo di l&#8217;e-mail.<\/p>\n<p>2. A causa della differenza di colore fra gli schermi di computer, in particolare schermi schermi LCD e CRT, noi non garantire che i colori dei nostri prodotti sar\u00e0 esattamente lo stesso come le immagini che vedete.<\/p>\n<p>Risposte:<\/p>\n<p>1. Il vostro feedback \u00e8 molto importante per noi ed \u00e8 la chiave del nostro successo.<\/p>\n<p>2. Se si ci lasciano un 5-le risposte cinque stelle, noi saremmo grati.<\/p>\n<p>3. If non siete completamente soddisfatti con il prodotto acquistato. Si prega di contattarci prima di lasciare qualsiasi risposte negative.<\/p>\n<p>Politica di rimborso:<\/p>\n<p>1. If trasmettiamo il prodotto sbagliato, ci rilascer\u00e0 il prodotto corretto dopo la conferma le condizioni.<\/p>\n<p>2. Se non siete soddisfatti per qualsiasi motivo, \u00c8 possibile restituire la merce in quanto sono a noi per il rimborso o lo scambio.<\/p>\n<p>3. We inviare il prodotto giusto per la restituzione del prodotto.<\/p>\n<p>Su di noi:<\/p>\n<p>1. Noi abbiamo la nostra fabbrica, siamo in grado di personalizzare il vostro modelli su federe e tappeti, se avete bisogno di, si ci pu\u00f2 lasciare un messaggio, e abbiamo anche il supporto di vendita diretta. Per favore, se si sono un commerciante e vuole. Contattarci via Email per godere il miglior prezzo e di commercio le immagini senza filigrana.<\/p>\n<p>2. If ti piace degli stati uniti, si prega di aggiungere il nostro negozio alla lista negozio!<\/span><\/strong><\/span><\/p>\n<\/div>\n<\/div>\n","protected":false},"excerpt":{"rendered":"<p>&nbsp; Benvenuto al mio deposito! &nbsp; Per uso domesticoCommercio all&#8217;ingrosso e di vendita Globale &nbsp; Prezzo di fabbrica&amp;Trasporto libero &nbsp; Ogni settimana nuovo arrivo di upload &nbsp; Godere di tempo per lo shopping. feature: 100% brand new and high quality This product is available in many sizes, please select the size you need Can be [&#8230;]\n","protected":false},"featured_media":243962,"comment_status":"open","ping_status":"closed","template":"","meta":{"_acf_changed":false},"product_brand":[],"product_cat":[1476],"product_tag":[],"class_list":{"0":"post-243961","1":"product","2":"type-product","3":"status-publish","4":"has-post-thumbnail","6":"product_cat-accessories","7":"pa_color-899","8":"pa_color-900","9":"pa_color-901","10":"pa_color-2001","11":"pa_color-1999","12":"pa_color-2000","13":"pa_color-2002","15":"first","16":"instock","17":"shipping-taxable","18":"purchasable","19":"product-type-variable","20":"wvs-archive-product-wrapper"},"acf":[],"_links":{"self":[{"href":"https:\/\/matjerio.com\/ar\/wp-json\/wp\/v2\/product\/243961","targetHints":{"allow":["GET"]}}],"collection":[{"href":"https:\/\/matjerio.com\/ar\/wp-json\/wp\/v2\/product"}],"about":[{"href":"https:\/\/matjerio.com\/ar\/wp-json\/wp\/v2\/types\/product"}],"replies":[{"embeddable":true,"href":"https:\/\/matjerio.com\/ar\/wp-json\/wp\/v2\/comments?post=243961"}],"version-history":[{"count":0,"href":"https:\/\/matjerio.com\/ar\/wp-json\/wp\/v2\/product\/243961\/revisions"}],"wp:featuredmedia":[{"embeddable":true,"href":"https:\/\/matjerio.com\/ar\/wp-json\/wp\/v2\/media\/243962"}],"wp:attachment":[{"href":"https:\/\/matjerio.com\/ar\/wp-json\/wp\/v2\/media?parent=243961"}],"wp:term":[{"taxonomy":"product_brand","embeddable":true,"href":"https:\/\/matjerio.com\/ar\/wp-json\/wp\/v2\/product_brand?post=243961"},{"taxonomy":"product_cat","embeddable":true,"href":"https:\/\/matjerio.com\/ar\/wp-json\/wp\/v2\/product_cat?post=243961"},{"taxonomy":"product_tag","embeddable":true,"href":"https:\/\/matjerio.com\/ar\/wp-json\/wp\/v2\/product_tag?post=243961"}],"curies":[{"name":"wp","href":"https:\/\/api.w.org\/{rel}","templated":true}]}}